{"id":27,"date":"2025-04-26T16:52:03","date_gmt":"2025-04-26T20:52:03","guid":{"rendered":"http:\/\/rarityequipment.com\/?page_id=27"},"modified":"2025-05-22T11:43:33","modified_gmt":"2025-05-22T15:43:33","slug":"faqs","status":"publish","type":"page","link":"https:\/\/rarityequipment.com\/es\/faqs\/","title":{"rendered":"FAQs"},"content":{"rendered":"<div class=\"fusion-fullwidth fullwidth-box fusion-builder-row-1 fusion-flex-container has-pattern-background has-mask-background nonhundred-percent-fullwidth non-hundred-percent-height-scrolling\" style=\"--awb-border-radius-top-left:0px;--awb-border-radius-top-right:0px;--awb-border-radius-bottom-right:0px;--awb-border-radius-bottom-left:0px;--awb-padding-top:50px;--awb-padding-bottom:50px;--awb-background-color:#003352;--awb-flex-wrap:wrap;\" ><div class=\"fusion-builder-row fusion-row fusion-flex-align-items-flex-start fusion-flex-justify-content-center fusion-flex-content-wrap\" style=\"max-width:1289.6px;margin-left: calc(-4% \/ 2 );margin-right: calc(-4% \/ 2 );\"><div class=\"fusion-layout-column fusion_builder_column fusion-builder-column-0 fusion_builder_column_1_1 1_1 fusion-flex-column\" style=\"--awb-bg-size:cover;--awb-width-large:100%;--awb-margin-top-large:0px;--awb-spacing-right-large:1.92%;--awb-margin-bottom-large:20px;--awb-spacing-left-large:1.92%;--awb-width-medium:100%;--awb-order-medium:0;--awb-spacing-right-medium:1.92%;--awb-spacing-left-medium:1.92%;--awb-width-small:100%;--awb-order-small:0;--awb-spacing-right-small:1.92%;--awb-spacing-left-small:1.92%;\" data-scroll-devices=\"small-visibility,medium-visibility,large-visibility\"><div class=\"fusion-column-wrapper fusion-column-has-shadow fusion-flex-justify-content-flex-start fusion-content-layout-column\"><div class=\"fusion-title title fusion-title-1 fusion-sep-none fusion-title-text fusion-title-size-two\" style=\"--awb-text-color:#ffffff;--awb-margin-bottom:30px;--awb-font-size:40px;\"><h2 class=\"fusion-title-heading title-heading-left\" style=\"margin:0;font-size:1em;\">Preguntas frecuentes<\/h2><\/div><style type=\"text\/css\">.fusion-faqs-wrapper #accordian-1 .fusion-panel { border-color:var(--awb-color3); }.fusion-faqs-wrapper #accordian-1 .fusion-panel:hover{ border-color: var(--awb-color3); }.fusion-accordian #accordian-1 .panel-title a .fa-fusion-box:before{ font-size: 16px;width: 16px;}.fusion-accordian #accordian-1 .panel-title a .fa-fusion-box{ color: #003352;}.fusion-accordian  #accordian-1 .panel-title a{font-family:var(--awb-typography1-font-family);font-weight:var(--awb-typography1-font-weight);font-style:var(--awb-typography1-font-style);}.fusion-accordian  #accordian-1 .panel-title a:not(:hover){color:#ffffff;}.fusion-accordian  #accordian-1 .toggle-content{font-size:16px;color:#ffffff;font-family:\"League Spartan\";font-style:normal;font-weight:400;}.fusion-accordian #accordian-1 .fa-fusion-box { background-color: #db8c1e !important;border-color: #db8c1e !important;}.fusion-accordian #accordian-1 .panel-title a:hover,.fusion-accordian #accordian-1 .panel-title a.hover { color: #ffffff;}.fusion-faq-shortcode .fusion-accordian #accordian-1 .fusion-toggle-boxed-mode:hover .panel-title a { color: #ffffff;}.fusion-accordian #accordian-1 .panel-title a:hover .fa-fusion-box,.fusion-accordian #accordian-1 .panel-title a.hover .fa-fusion-box { background-color: #ffffff!important;border-color: #ffffff!important;}.fusion-faqs-wrapper .fusion-accordian #accordian-1 .panel-title a.active{ color: #ffffff !important;}.fusion-faqs-wrapper .fusion-accordian #accordian-1 .panel-title .active .fa-fusion-box { background-color: #ffffff!important;border-color: #ffffff!important;}<\/style><div class=\"fusion-faq-shortcode\" style=\"\"><div class=\"fusion-faqs-wrapper\"><div class=\"accordian fusion-accordian\"><div class=\"panel-group\" id=\"accordian-1\"><div class=\"fusion-panel panel-default fusion-faq-post fusion-faq-post-197\"><span class=\"entry-title rich-snippet-hidden\">\u00bfQu\u00e9 tipo de equipo puedo alquilar en Rarity Equipment?<\/span><span class=\"vcard rich-snippet-hidden\"><span class=\"fn\"><a href=\"https:\/\/rarityequipment.com\/es\/author\/soportechezaad-com\/\" title=\"Entradas de soporte@chezaad.com\" rel=\"author\">soporte@chezaad.com<\/a><\/span><\/span><span class=\"updated rich-snippet-hidden\">2025-07-02T10:11:10-04:00<\/span><div class=\"panel-heading\"><h2 id=\"faq_1-197\" class=\"panel-title toggle\"><a data-toggle=\"collapse\" class=\"collapsed\" data-parent=\"#accordian-1\" data-target=\"#collapse-1-197\" href=\"#collapse-1-197\" aria-expanded=\"false\"><div class=\"fusion-toggle-icon-wrapper\"><div class=\"fusion-toggle-icon-wrapper-main\"><div class=\"fusion-toggle-icon-wrapper-sub\"><i class=\"fa-fusion-box active-icon awb-icon-minus\" aria-hidden=\"true\"><\/i><i class=\"fa-fusion-box inactive-icon awb-icon-plus\" aria-hidden=\"true\"><\/i><\/div><\/div><\/div><div class=\"fusion-toggle-heading\">\u00bfQu\u00e9 tipo de equipo puedo alquilar en Rarity Equipment?<\/div><\/a><\/h2><\/div><div id=\"collapse-1-197\" aria-labelledby=\"faq_1-197\" class=\"panel-collapse collapse\"><div class=\"panel-body toggle-content post-content\"><p>Ofrecemos una amplia variedad de equipos pesados para construcci\u00f3n, miner\u00eda y transporte comercial, incluidas excavadoras, cargadores frontales, camiones volquete y furgonetas de reparto.<\/p>\n<\/div><\/div><\/div><div class=\"fusion-panel panel-default fusion-faq-post fusion-faq-post-200\"><span class=\"entry-title rich-snippet-hidden\">\u00bfC\u00f3mo puedo solicitar equipo de alquiler?<\/span><span class=\"vcard rich-snippet-hidden\"><span class=\"fn\"><a href=\"https:\/\/rarityequipment.com\/es\/author\/soportechezaad-com\/\" title=\"Entradas de soporte@chezaad.com\" rel=\"author\">soporte@chezaad.com<\/a><\/span><\/span><span class=\"updated rich-snippet-hidden\">2025-07-02T10:10:34-04:00<\/span><div class=\"panel-heading\"><h2 id=\"faq_1-200\" class=\"panel-title toggle\"><a data-toggle=\"collapse\" class=\"collapsed\" data-parent=\"#accordian-1\" data-target=\"#collapse-1-200\" href=\"#collapse-1-200\" aria-expanded=\"false\"><div class=\"fusion-toggle-icon-wrapper\"><div class=\"fusion-toggle-icon-wrapper-main\"><div class=\"fusion-toggle-icon-wrapper-sub\"><i class=\"fa-fusion-box active-icon awb-icon-minus\" aria-hidden=\"true\"><\/i><i class=\"fa-fusion-box inactive-icon awb-icon-plus\" aria-hidden=\"true\"><\/i><\/div><\/div><\/div><div class=\"fusion-toggle-heading\">\u00bfC\u00f3mo puedo solicitar equipo de alquiler?<\/div><\/a><\/h2><\/div><div id=\"collapse-1-200\" aria-labelledby=\"faq_1-200\" class=\"panel-collapse collapse\"><div class=\"panel-body toggle-content post-content\"><p>Puede solicitar un dispositivo directamente a trav\u00e9s de nuestra p\u00e1gina web, completando el formulario de contacto o llamando a nuestros n\u00fameros de atenci\u00f3n al cliente. Nuestro equipo se pondr\u00e1 en contacto con usted para coordinar todos los detalles.<\/p>\n<\/div><\/div><\/div><div class=\"fusion-panel panel-default fusion-faq-post fusion-faq-post-202\"><span class=\"entry-title rich-snippet-hidden\">\u00bfRarity Equipment ofrece distribuci\u00f3n de combustible?<\/span><span class=\"vcard rich-snippet-hidden\"><span class=\"fn\"><a href=\"https:\/\/rarityequipment.com\/es\/author\/soportechezaad-com\/\" title=\"Entradas de soporte@chezaad.com\" rel=\"author\">soporte@chezaad.com<\/a><\/span><\/span><span class=\"updated rich-snippet-hidden\">2025-07-02T10:08:57-04:00<\/span><div class=\"panel-heading\"><h2 id=\"faq_1-202\" class=\"panel-title toggle\"><a data-toggle=\"collapse\" class=\"collapsed\" data-parent=\"#accordian-1\" data-target=\"#collapse-1-202\" href=\"#collapse-1-202\" aria-expanded=\"false\"><div class=\"fusion-toggle-icon-wrapper\"><div class=\"fusion-toggle-icon-wrapper-main\"><div class=\"fusion-toggle-icon-wrapper-sub\"><i class=\"fa-fusion-box active-icon awb-icon-minus\" aria-hidden=\"true\"><\/i><i class=\"fa-fusion-box inactive-icon awb-icon-plus\" aria-hidden=\"true\"><\/i><\/div><\/div><\/div><div class=\"fusion-toggle-heading\">\u00bfRarity Equipment ofrece distribuci\u00f3n de combustible?<\/div><\/a><\/h2><\/div><div id=\"collapse-1-202\" aria-labelledby=\"faq_1-202\" class=\"panel-collapse collapse\"><div class=\"panel-body toggle-content post-content\"><p class=\"\" data-start=\"771\" data-end=\"934\">S\u00ed, ofrecemos servicios de distribuci\u00f3n de combustible para obras de construcci\u00f3n, empresas de transporte y operaciones mineras. Ofrecemos entregas programadas y de emergencia.<\/p>\n<\/div><\/div><\/div><div class=\"fusion-panel panel-default fusion-faq-post fusion-faq-post-204\"><span class=\"entry-title rich-snippet-hidden\">\u00bfOfrecen servicios de mantenimiento para equipos alquilados?<\/span><span class=\"vcard rich-snippet-hidden\"><span class=\"fn\"><a href=\"https:\/\/rarityequipment.com\/es\/author\/soportechezaad-com\/\" title=\"Entradas de soporte@chezaad.com\" rel=\"author\">soporte@chezaad.com<\/a><\/span><\/span><span class=\"updated rich-snippet-hidden\">2025-07-02T10:08:22-04:00<\/span><div class=\"panel-heading\"><h2 id=\"faq_1-204\" class=\"panel-title toggle\"><a data-toggle=\"collapse\" class=\"collapsed\" data-parent=\"#accordian-1\" data-target=\"#collapse-1-204\" href=\"#collapse-1-204\" aria-expanded=\"false\"><div class=\"fusion-toggle-icon-wrapper\"><div class=\"fusion-toggle-icon-wrapper-main\"><div class=\"fusion-toggle-icon-wrapper-sub\"><i class=\"fa-fusion-box active-icon awb-icon-minus\" aria-hidden=\"true\"><\/i><i class=\"fa-fusion-box inactive-icon awb-icon-plus\" aria-hidden=\"true\"><\/i><\/div><\/div><\/div><div class=\"fusion-toggle-heading\">\u00bfOfrecen servicios de mantenimiento para equipos alquilados?<\/div><\/a><\/h2><\/div><div id=\"collapse-1-204\" aria-labelledby=\"faq_1-204\" class=\"panel-collapse collapse\"><div class=\"panel-body toggle-content post-content\"><p class=\"\" data-start=\"1013\" data-end=\"1170\">S\u00ed, todos nuestros equipos incluyen servicios de mantenimiento preventivo y correctivo durante el periodo de alquiler, garantizando un rendimiento \u00f3ptimo.<\/p>\n<\/div><\/div><\/div><div class=\"fusion-panel panel-default fusion-faq-post fusion-faq-post-206\"><span class=\"entry-title rich-snippet-hidden\">\u00bfQu\u00e9 documentos necesito para alquilar equipo?<\/span><span class=\"vcard rich-snippet-hidden\"><span class=\"fn\"><a href=\"https:\/\/rarityequipment.com\/es\/author\/soportechezaad-com\/\" title=\"Entradas de soporte@chezaad.com\" rel=\"author\">soporte@chezaad.com<\/a><\/span><\/span><span class=\"updated rich-snippet-hidden\">2025-07-02T10:07:56-04:00<\/span><div class=\"panel-heading\"><h2 id=\"faq_1-206\" class=\"panel-title toggle\"><a data-toggle=\"collapse\" class=\"collapsed\" data-parent=\"#accordian-1\" data-target=\"#collapse-1-206\" href=\"#collapse-1-206\" aria-expanded=\"false\"><div class=\"fusion-toggle-icon-wrapper\"><div class=\"fusion-toggle-icon-wrapper-main\"><div class=\"fusion-toggle-icon-wrapper-sub\"><i class=\"fa-fusion-box active-icon awb-icon-minus\" aria-hidden=\"true\"><\/i><i class=\"fa-fusion-box inactive-icon awb-icon-plus\" aria-hidden=\"true\"><\/i><\/div><\/div><\/div><div class=\"fusion-toggle-heading\">\u00bfQu\u00e9 documentos necesito para alquilar equipo?<\/div><\/a><\/h2><\/div><div id=\"collapse-1-206\" aria-labelledby=\"faq_1-206\" class=\"panel-collapse collapse\"><div class=\"panel-body toggle-content post-content\"><p>Generalmente requerimos identificaci\u00f3n oficial, comprobante de domicilio y en algunos casos documentos adicionales dependiendo del tipo de equipo y duraci\u00f3n del alquiler.<\/p>\n<\/div><\/div><\/div><div class=\"fusion-panel panel-default fusion-faq-post fusion-faq-post-208\"><span class=\"entry-title rich-snippet-hidden\">\u00bfPuedo contratar servicios de mantenimiento s\u00f3lo para mis propios equipos?<\/span><span class=\"vcard rich-snippet-hidden\"><span class=\"fn\"><a href=\"https:\/\/rarityequipment.com\/es\/author\/soportechezaad-com\/\" title=\"Entradas de soporte@chezaad.com\" rel=\"author\">soporte@chezaad.com<\/a><\/span><\/span><span class=\"updated rich-snippet-hidden\">2025-07-02T10:05:14-04:00<\/span><div class=\"panel-heading\"><h2 id=\"faq_1-208\" class=\"panel-title toggle\"><a data-toggle=\"collapse\" class=\"collapsed\" data-parent=\"#accordian-1\" data-target=\"#collapse-1-208\" href=\"#collapse-1-208\" aria-expanded=\"false\"><div class=\"fusion-toggle-icon-wrapper\"><div class=\"fusion-toggle-icon-wrapper-main\"><div class=\"fusion-toggle-icon-wrapper-sub\"><i class=\"fa-fusion-box active-icon awb-icon-minus\" aria-hidden=\"true\"><\/i><i class=\"fa-fusion-box inactive-icon awb-icon-plus\" aria-hidden=\"true\"><\/i><\/div><\/div><\/div><div class=\"fusion-toggle-heading\">\u00bfPuedo contratar servicios de mantenimiento s\u00f3lo para mis propios equipos?<\/div><\/a><\/h2><\/div><div id=\"collapse-1-208\" aria-labelledby=\"faq_1-208\" class=\"panel-collapse collapse\"><div class=\"panel-body toggle-content post-content\"><p>S\u00ed, ofrecemos servicios de mantenimiento externo para equipos que no nos alquila. Para m\u00e1s informaci\u00f3n, consulte con nuestro equipo de ventas.<\/p>\n<\/div><\/div><\/div><div class=\"fusion-panel panel-default fusion-faq-post fusion-faq-post-210\"><span class=\"entry-title rich-snippet-hidden\">\u00bfEn qu\u00e9 \u00e1reas ofrece sus servicios?<\/span><span class=\"vcard rich-snippet-hidden\"><span class=\"fn\"><a href=\"https:\/\/rarityequipment.com\/es\/author\/soportechezaad-com\/\" title=\"Entradas de soporte@chezaad.com\" rel=\"author\">soporte@chezaad.com<\/a><\/span><\/span><span class=\"updated rich-snippet-hidden\">2025-07-02T10:02:42-04:00<\/span><div class=\"panel-heading\"><h2 id=\"faq_1-210\" class=\"panel-title toggle\"><a data-toggle=\"collapse\" class=\"collapsed\" data-parent=\"#accordian-1\" data-target=\"#collapse-1-210\" href=\"#collapse-1-210\" aria-expanded=\"false\"><div class=\"fusion-toggle-icon-wrapper\"><div class=\"fusion-toggle-icon-wrapper-main\"><div class=\"fusion-toggle-icon-wrapper-sub\"><i class=\"fa-fusion-box active-icon awb-icon-minus\" aria-hidden=\"true\"><\/i><i class=\"fa-fusion-box inactive-icon awb-icon-plus\" aria-hidden=\"true\"><\/i><\/div><\/div><\/div><div class=\"fusion-toggle-heading\">\u00bfEn qu\u00e9 \u00e1reas ofrece sus servicios?<\/div><\/a><\/h2><\/div><div id=\"collapse-1-210\" aria-labelledby=\"faq_1-210\" class=\"panel-collapse collapse\"><div class=\"panel-body toggle-content post-content\"><p>Actualmente ofrecemos servicios en todo el pa\u00eds, con principales operaciones en zonas de alta actividad industrial, construcci\u00f3n y miner\u00eda.<\/p>\n<\/div><\/div><\/div><div class=\"fusion-panel panel-default fusion-faq-post fusion-faq-post-212\"><span class=\"entry-title rich-snippet-hidden\">\u00bfQu\u00e9 pasa si el equipo falla durante el alquiler?<\/span><span class=\"vcard rich-snippet-hidden\"><span class=\"fn\"><a href=\"https:\/\/rarityequipment.com\/es\/author\/soportechezaad-com\/\" title=\"Entradas de soporte@chezaad.com\" rel=\"author\">soporte@chezaad.com<\/a><\/span><\/span><span class=\"updated rich-snippet-hidden\">2025-07-02T09:56:17-04:00<\/span><div class=\"panel-heading\"><h2 id=\"faq_1-212\" class=\"panel-title toggle\"><a data-toggle=\"collapse\" class=\"collapsed\" data-parent=\"#accordian-1\" data-target=\"#collapse-1-212\" href=\"#collapse-1-212\" aria-expanded=\"false\"><div class=\"fusion-toggle-icon-wrapper\"><div class=\"fusion-toggle-icon-wrapper-main\"><div class=\"fusion-toggle-icon-wrapper-sub\"><i class=\"fa-fusion-box active-icon awb-icon-minus\" aria-hidden=\"true\"><\/i><i class=\"fa-fusion-box inactive-icon awb-icon-plus\" aria-hidden=\"true\"><\/i><\/div><\/div><\/div><div class=\"fusion-toggle-heading\">\u00bfQu\u00e9 pasa si el equipo falla durante el alquiler?<\/div><\/a><\/h2><\/div><div id=\"collapse-1-212\" aria-labelledby=\"faq_1-212\" class=\"panel-collapse collapse\"><div class=\"panel-body toggle-content post-content\"><p>En caso de falla, nuestro equipo t\u00e9cnico responder\u00e1 de inmediato para reparar o reemplazar el equipo, minimizando cualquier interrupci\u00f3n en su operaci\u00f3n.<\/p>\n<\/div><\/div><\/div><div class=\"fusion-panel panel-default fusion-faq-post fusion-faq-post-214\"><span class=\"entry-title rich-snippet-hidden\">\u00bfPuedo alquilar equipo a corto o largo plazo?<\/span><span class=\"vcard rich-snippet-hidden\"><span class=\"fn\"><a href=\"https:\/\/rarityequipment.com\/es\/author\/soportechezaad-com\/\" title=\"Entradas de soporte@chezaad.com\" rel=\"author\">soporte@chezaad.com<\/a><\/span><\/span><span class=\"updated rich-snippet-hidden\">2025-07-02T09:53:49-04:00<\/span><div class=\"panel-heading\"><h2 id=\"faq_1-214\" class=\"panel-title toggle\"><a data-toggle=\"collapse\" class=\"collapsed\" data-parent=\"#accordian-1\" data-target=\"#collapse-1-214\" href=\"#collapse-1-214\" aria-expanded=\"false\"><div class=\"fusion-toggle-icon-wrapper\"><div class=\"fusion-toggle-icon-wrapper-main\"><div class=\"fusion-toggle-icon-wrapper-sub\"><i class=\"fa-fusion-box active-icon awb-icon-minus\" aria-hidden=\"true\"><\/i><i class=\"fa-fusion-box inactive-icon awb-icon-plus\" aria-hidden=\"true\"><\/i><\/div><\/div><\/div><div class=\"fusion-toggle-heading\">\u00bfPuedo alquilar equipo a corto o largo plazo?<\/div><\/a><\/h2><\/div><div id=\"collapse-1-214\" aria-labelledby=\"faq_1-214\" class=\"panel-collapse collapse\"><div class=\"panel-body toggle-content post-content\"><p>S\u00ed, ofrecemos planes de alquiler flexibles para adaptarse a las necesidades de su proyecto, desde alquileres diarios hasta contratos mensuales o de proyecto completo.<\/p>\n<\/div><\/div><\/div><div class=\"fusion-panel panel-default fusion-faq-post fusion-faq-post-216\"><span class=\"entry-title rich-snippet-hidden\">\u00bfC\u00f3mo puedo recibir una cotizaci\u00f3n personalizada?<\/span><span class=\"vcard rich-snippet-hidden\"><span class=\"fn\"><a href=\"https:\/\/rarityequipment.com\/es\/author\/soportechezaad-com\/\" title=\"Entradas de soporte@chezaad.com\" rel=\"author\">soporte@chezaad.com<\/a><\/span><\/span><span class=\"updated rich-snippet-hidden\">2025-07-02T09:18:45-04:00<\/span><div class=\"panel-heading\"><h2 id=\"faq_1-216\" class=\"panel-title toggle\"><a data-toggle=\"collapse\" class=\"collapsed\" data-parent=\"#accordian-1\" data-target=\"#collapse-1-216\" href=\"#collapse-1-216\" aria-expanded=\"false\"><div class=\"fusion-toggle-icon-wrapper\"><div class=\"fusion-toggle-icon-wrapper-main\"><div class=\"fusion-toggle-icon-wrapper-sub\"><i class=\"fa-fusion-box active-icon awb-icon-minus\" aria-hidden=\"true\"><\/i><i class=\"fa-fusion-box inactive-icon awb-icon-plus\" aria-hidden=\"true\"><\/i><\/div><\/div><\/div><div class=\"fusion-toggle-heading\">\u00bfC\u00f3mo puedo recibir una cotizaci\u00f3n personalizada?<\/div><\/a><\/h2><\/div><div id=\"collapse-1-216\" aria-labelledby=\"faq_1-216\" class=\"panel-collapse collapse\"><div class=\"panel-body toggle-content post-content\"><p>Puede solicitar un presupuesto personalizado completando nuestro formulario en l\u00ednea o contactando directamente con nuestro equipo de ventas. Evaluaremos sus necesidades espec\u00edficas para ofrecerle las mejores opciones de equipo y servicio.<\/p>\n<\/div><\/div><\/div><\/div><\/div><\/div><\/div><\/div><\/div><\/div><\/div>","protected":false},"excerpt":{"rendered":"","protected":false},"author":1,"featured_media":0,"parent":0,"menu_order":0,"comment_status":"closed","ping_status":"closed","template":"100-width.php","meta":{"footnotes":""},"class_list":["post-27","page","type-page","status-publish","hentry"],"_links":{"self":[{"href":"https:\/\/rarityequipment.com\/es\/wp-json\/wp\/v2\/pages\/27","targetHints":{"allow":["GET"]}}],"collection":[{"href":"https:\/\/rarityequipment.com\/es\/wp-json\/wp\/v2\/pages"}],"about":[{"href":"https:\/\/rarityequipment.com\/es\/wp-json\/wp\/v2\/types\/page"}],"author":[{"embeddable":true,"href":"https:\/\/rarityequipment.com\/es\/wp-json\/wp\/v2\/users\/1"}],"replies":[{"embeddable":true,"href":"https:\/\/rarityequipment.com\/es\/wp-json\/wp\/v2\/comments?post=27"}],"version-history":[{"count":15,"href":"https:\/\/rarityequipment.com\/es\/wp-json\/wp\/v2\/pages\/27\/revisions"}],"predecessor-version":[{"id":975,"href":"https:\/\/rarityequipment.com\/es\/wp-json\/wp\/v2\/pages\/27\/revisions\/975"}],"wp:attachment":[{"href":"https:\/\/rarityequipment.com\/es\/wp-json\/wp\/v2\/media?parent=27"}],"curies":[{"name":"wp","href":"https:\/\/api.w.org\/{rel}","templated":true}]}}