{"id":1110,"date":"2025-09-09T12:08:36","date_gmt":"2025-09-09T16:08:36","guid":{"rendered":"https:\/\/rarityequipment.com\/?post_type=product&#038;p=1110"},"modified":"2026-04-09T11:49:54","modified_gmt":"2026-04-09T15:49:54","slug":"cranes-crenes-link-rtc-8065","status":"publish","type":"product","link":"https:\/\/rarityequipment.com\/es\/product\/cranes-crenes-link-rtc-8065\/","title":{"rendered":"GR\u00daAS Crenes Link RTC-8065"},"content":{"rendered":"<p><strong>Gr\u00faa todoterreno<\/strong><\/p>\n<p>Equipo dise\u00f1ado para el izamiento de cargas pesadas y la manipulaci\u00f3n de materiales en obras de construcci\u00f3n, que ofrece una excelente capacidad, alcance y estabilidad.<\/p>\n<h4><strong>Especificaciones destacadas<\/strong><\/h4>\n<ul>\n<li><strong>Capacidad m\u00e1xima:<\/strong> 65 toneladas (130.000 libras)<\/li>\n<li><strong>Longitud m\u00e1xima de la pluma:<\/strong> 115 pies (35 m)<\/li>\n<li><strong>Altura m\u00e1xima de la punta:<\/strong> 211,6 pies (64,5 m)<\/li>\n<\/ul>\n<h4><strong>Especificaciones de elevaci\u00f3n<\/strong><\/h4>\n<ul>\n<li><strong>Tipo de pluma:<\/strong> Pluma de cuatro secciones y m\u00e1xima potencia (de 11,5 m a 35 m)<\/li>\n<li><strong>Opciones de vuelo:<\/strong> Mosca manual de dos piezas con desplazamiento en posiciones de 2\u00b0, 15\u00b0, 30\u00b0 y 45\u00b0.<\/li>\n<li><strong>Inserciones de celos\u00eda:<\/strong> Opcional para mayor alcance<\/li>\n<\/ul>\n<h4><strong>Especificaciones operativas<\/strong><\/h4>\n<ul>\n<li><strong>Tracci\u00f3n:<\/strong> Cuatro modos de direcci\u00f3n para una mayor maniobrabilidad.<\/li>\n<li><strong>Estabilidad:<\/strong> Suspensi\u00f3n de 4 brazos sin lubricaci\u00f3n y seis puntos de salida para mayor seguridad.<\/li>\n<li><strong>Comodidad del operador:<\/strong> Cabina ergon\u00f3mica con sistema de control Link-Belt Pulse.<\/li>\n<li><strong>Transportabilidad:<\/strong> Completamente equipado con un peso inferior a 90 000 libras (40 823 kg).<\/li>\n<\/ul>\n<h4><strong>Aplicaciones<\/strong><\/h4>\n<ul>\n<li>Levantamiento pesado y manipulaci\u00f3n de materiales en entornos de terreno accidentado.<\/li>\n<li>Proyectos de construcci\u00f3n e industriales que requieren gran alcance y capacidad.<\/li>\n<\/ul>","protected":false},"excerpt":{"rendered":"<p>El\u00a0<strong>Link-Belt RTC-8065<\/strong>\u00a0es un\u00a0<strong>Gr\u00faa para terrenos dif\u00edciles<\/strong>\u00a0con una capacidad m\u00e1xima de elevaci\u00f3n de\u00a0<strong>65 toneladas<\/strong>. Cuenta con un\u00a0<strong>pluma telesc\u00f3pica hidr\u00e1ulica de cuatro secciones<\/strong>\u00a0con una longitud que va desde\u00a0<strong>De 38 a 115 pies<\/strong>\u00a0(11,6 a 35 metros). Con extensiones opcionales, puede alcanzar una altura m\u00e1xima de punta de\u00a0<strong>168 pies<\/strong>\u00a0(51,2 metros)<\/p>","protected":false},"featured_media":1301,"comment_status":"open","ping_status":"closed","template":"","meta":[],"product_brand":[],"product_cat":[26,32],"product_tag":[],"class_list":{"0":"post-1110","1":"product","2":"type-product","3":"status-publish","4":"has-post-thumbnail","6":"product_cat-construction","7":"product_cat-cranes","9":"first","10":"instock","11":"shipping-taxable","12":"product-type-simple"},"_links":{"self":[{"href":"https:\/\/rarityequipment.com\/es\/wp-json\/wp\/v2\/product\/1110","targetHints":{"allow":["GET"]}}],"collection":[{"href":"https:\/\/rarityequipment.com\/es\/wp-json\/wp\/v2\/product"}],"about":[{"href":"https:\/\/rarityequipment.com\/es\/wp-json\/wp\/v2\/types\/product"}],"replies":[{"embeddable":true,"href":"https:\/\/rarityequipment.com\/es\/wp-json\/wp\/v2\/comments?post=1110"}],"wp:featuredmedia":[{"embeddable":true,"href":"https:\/\/rarityequipment.com\/es\/wp-json\/wp\/v2\/media\/1301"}],"wp:attachment":[{"href":"https:\/\/rarityequipment.com\/es\/wp-json\/wp\/v2\/media?parent=1110"}],"wp:term":[{"taxonomy":"product_brand","embeddable":true,"href":"https:\/\/rarityequipment.com\/es\/wp-json\/wp\/v2\/product_brand?post=1110"},{"taxonomy":"product_cat","embeddable":true,"href":"https:\/\/rarityequipment.com\/es\/wp-json\/wp\/v2\/product_cat?post=1110"},{"taxonomy":"product_tag","embeddable":true,"href":"https:\/\/rarityequipment.com\/es\/wp-json\/wp\/v2\/product_tag?post=1110"}],"curies":[{"name":"wp","href":"https:\/\/api.w.org\/{rel}","templated":true}]}}