{"id":1115,"date":"2025-09-09T12:22:22","date_gmt":"2025-09-09T16:22:22","guid":{"rendered":"https:\/\/rarityequipment.com\/?post_type=product&#038;p=1115"},"modified":"2026-04-09T15:09:42","modified_gmt":"2026-04-09T19:09:42","slug":"cranes-link-belt-rtc-8075","status":"publish","type":"product","link":"https:\/\/rarityequipment.com\/es\/product\/cranes-link-belt-rtc-8075\/","title":{"rendered":"Gr\u00faas enlace CORREA RTC-8075"},"content":{"rendered":"<div id=\"model-response-message-contentr_5681d1a781829094\" class=\"markdown markdown-main-panel stronger enable-updated-hr-color\" dir=\"ltr\" aria-live=\"polite\" aria-busy=\"false\">\n<h2 data-path-to-node=\"0\">Gr\u00faa todo terreno<\/h2>\n<p data-path-to-node=\"1\">Gr\u00faa dise\u00f1ada para el izamiento de cargas pesadas con alto rendimiento, precisi\u00f3n y excelente desempe\u00f1o en diversos terrenos.<\/p>\n<h3 data-path-to-node=\"2\">Especificaciones clave<\/h3>\n<ul data-path-to-node=\"3\">\n<li>\n<p data-path-to-node=\"3,0,0\"><b data-path-to-node=\"3,0,0\" data-index-in-node=\"0\">Capacidad m\u00e1xima:<\/b> 75 toneladas<\/p>\n<\/li>\n<li>\n<p data-path-to-node=\"3,1,0\"><b data-path-to-node=\"3,1,0\" data-index-in-node=\"0\">Auge:<\/b> De 41 a 127 pies<\/p>\n<\/li>\n<li>\n<p data-path-to-node=\"3,2,0\"><b data-path-to-node=\"3,2,0\" data-index-in-node=\"0\">Tracci\u00f3n:<\/b> 4x4<\/p>\n<\/li>\n<\/ul>\n<h3 data-path-to-node=\"4\">Especificaciones de elevaci\u00f3n<\/h3>\n<ul data-path-to-node=\"5\">\n<li>\n<p data-path-to-node=\"5,0,0\"><b data-path-to-node=\"5,0,0\" data-index-in-node=\"0\">Capacidad m\u00e1xima:<\/b> 75 toneladas<\/p>\n<\/li>\n<li>\n<p data-path-to-node=\"5,1,0\"><b data-path-to-node=\"5,1,0\" data-index-in-node=\"0\">Altura de la pluma:<\/b> hasta 127 pies<\/p>\n<\/li>\n<li>\n<p data-path-to-node=\"5,2,0\"><b data-path-to-node=\"5,2,0\" data-index-in-node=\"0\">Radio de funcionamiento:<\/b> 8 pies<\/p>\n<\/li>\n<li>\n<p data-path-to-node=\"5,3,0\"><b data-path-to-node=\"5,3,0\" data-index-in-node=\"0\">Extensi\u00f3n:<\/b> Pluma auxiliar opcional (pluma)<\/p>\n<\/li>\n<\/ul>\n<h3 data-path-to-node=\"6\">Especificaciones de funcionamiento<\/h3>\n<ul data-path-to-node=\"7\">\n<li>\n<p data-path-to-node=\"7,0,0\"><b data-path-to-node=\"7,0,0\" data-index-in-node=\"0\">Transmisi\u00f3n:<\/b> Cambio de potencia<\/p>\n<\/li>\n<li>\n<p data-path-to-node=\"7,1,0\"><b data-path-to-node=\"7,1,0\" data-index-in-node=\"0\">Sistema hidr\u00e1ulico:<\/b> Sistema de bombas m\u00faltiples<\/p>\n<\/li>\n<li>\n<p data-path-to-node=\"7,2,0\"><b data-path-to-node=\"7,2,0\" data-index-in-node=\"0\">Solicitud:<\/b> Elevaci\u00f3n industrial<\/p>\n<\/li>\n<\/ul>\n<\/div>","protected":false},"excerpt":{"rendered":"<p><strong>Gr\u00faa todoterreno<\/strong> Dise\u00f1ado para el izamiento de cargas pesadas en entornos dif\u00edciles. Cuenta con una pluma conformada de cuatro secciones y potencia total, y est\u00e1 construido sobre un chasis robusto equipado con <b data-path-to-node=\"0\" data-index-in-node=\"248\">4x4<\/b>\u00a0Capacidades de conducci\u00f3n y direcci\u00f3n que garantizan una maniobrabilidad y tracci\u00f3n excepcionales en terrenos irregulares.<\/p>","protected":false},"featured_media":1339,"comment_status":"open","ping_status":"closed","template":"","meta":[],"product_brand":[],"product_cat":[26,32],"product_tag":[],"class_list":{"0":"post-1115","1":"product","2":"type-product","3":"status-publish","4":"has-post-thumbnail","6":"product_cat-construction","7":"product_cat-cranes","9":"first","10":"instock","11":"shipping-taxable","12":"product-type-simple"},"_links":{"self":[{"href":"https:\/\/rarityequipment.com\/es\/wp-json\/wp\/v2\/product\/1115","targetHints":{"allow":["GET"]}}],"collection":[{"href":"https:\/\/rarityequipment.com\/es\/wp-json\/wp\/v2\/product"}],"about":[{"href":"https:\/\/rarityequipment.com\/es\/wp-json\/wp\/v2\/types\/product"}],"replies":[{"embeddable":true,"href":"https:\/\/rarityequipment.com\/es\/wp-json\/wp\/v2\/comments?post=1115"}],"wp:featuredmedia":[{"embeddable":true,"href":"https:\/\/rarityequipment.com\/es\/wp-json\/wp\/v2\/media\/1339"}],"wp:attachment":[{"href":"https:\/\/rarityequipment.com\/es\/wp-json\/wp\/v2\/media?parent=1115"}],"wp:term":[{"taxonomy":"product_brand","embeddable":true,"href":"https:\/\/rarityequipment.com\/es\/wp-json\/wp\/v2\/product_brand?post=1115"},{"taxonomy":"product_cat","embeddable":true,"href":"https:\/\/rarityequipment.com\/es\/wp-json\/wp\/v2\/product_cat?post=1115"},{"taxonomy":"product_tag","embeddable":true,"href":"https:\/\/rarityequipment.com\/es\/wp-json\/wp\/v2\/product_tag?post=1115"}],"curies":[{"name":"wp","href":"https:\/\/api.w.org\/{rel}","templated":true}]}}