{"id":1119,"date":"2025-09-09T12:31:38","date_gmt":"2025-09-09T16:31:38","guid":{"rendered":"https:\/\/rarityequipment.com\/?post_type=product&#038;p=1119"},"modified":"2026-04-14T16:45:36","modified_gmt":"2026-04-14T20:45:36","slug":"electric-scissorts-lift","status":"publish","type":"product","link":"https:\/\/rarityequipment.com\/es\/product\/electric-scissorts-lift\/","title":{"rendered":"Tijeras el\u00e9ctricas LIFT"},"content":{"rendered":"<h3 data-path-to-node=\"3\"><b data-path-to-node=\"3\" data-index-in-node=\"0\">Especificaciones clave<\/b><\/h3>\n<ul data-path-to-node=\"4\">\n<li>\n<p data-path-to-node=\"4,0,0\"><b data-path-to-node=\"4,0,0\" data-index-in-node=\"0\">Altura de trabajo:<\/b> Suele variar entre 19 y 45 pies (dependiendo del modelo).<\/p>\n<\/li>\n<li>\n<p data-path-to-node=\"4,1,0\"><b data-path-to-node=\"4,1,0\" data-index-in-node=\"0\">Capacidad del ascensor:<\/b> 500 lb \u2013 1200 lb (227 kg \u2013 544 kg)<\/p>\n<\/li>\n<li>\n<p data-path-to-node=\"4,2,0\"><b data-path-to-node=\"4,2,0\" data-index-in-node=\"0\">Fuente de alimentaci\u00f3n:<\/b> Sistema de bater\u00eda de 24 V o 48 V CC<\/p>\n<\/li>\n<li>\n<p data-path-to-node=\"4,3,0\"><b data-path-to-node=\"4,3,0\" data-index-in-node=\"0\"><span class=\"citation-38\">Extensi\u00f3n de la plataforma:<\/span><\/b><span class=\"citation-38 citation-end-38\"> La mayor\u00eda de los modelos incluyen una plataforma desplegable para mayor alcance.<\/span><\/p>\n<div class=\"source-inline-chip-container ng-star-inserted\"><\/div>\n<\/li>\n<\/ul>\n<h3 data-path-to-node=\"5\"><b data-path-to-node=\"5\" data-index-in-node=\"0\">Especificaciones operativas<\/b><\/h3>\n<ul data-path-to-node=\"6\">\n<li>\n<p data-path-to-node=\"6,0,0\"><b data-path-to-node=\"6,0,0\" data-index-in-node=\"0\">Solicitud:<\/b> Mantenimiento de instalaciones, trabajos el\u00e9ctricos, almacenamiento y construcci\u00f3n de interiores.<\/p>\n<\/li>\n<li>\n<p data-path-to-node=\"6,1,0\"><b data-path-to-node=\"6,1,0\" data-index-in-node=\"0\">Tracci\u00f3n:<\/b> Veh\u00edculos de tracci\u00f3n a dos ruedas (2WD) con motores el\u00e9ctricos de alta eficiencia. Estas unidades cuentan con neum\u00e1ticos de caucho macizo que no dejan marcas para proteger los suelos y proporcionar un control preciso en zonas congestionadas.<\/p>\n<\/li>\n<\/ul>","protected":false},"excerpt":{"rendered":"<p><strong>Plataformas elevadoras de tijera el\u00e9ctricas<\/strong> Son el est\u00e1ndar de la industria para un funcionamiento silencioso y sin emisiones en tareas de mantenimiento tanto en interiores como en exteriores. <span class=\"citation-39 citation-end-39\">Dise\u00f1adas con un tama\u00f1o compacto y neum\u00e1ticos que no dejan marcas, estas plataformas elevadoras est\u00e1n pensadas para maniobrar por pasillos estrechos y puertas est\u00e1ndar, proporcionando una plataforma a\u00e9rea estable y espaciosa para los trabajadores y sus herramientas.<\/span><\/p>","protected":false},"featured_media":1377,"comment_status":"open","ping_status":"closed","template":"","meta":[],"product_brand":[],"product_cat":[26,35],"product_tag":[],"class_list":{"0":"post-1119","1":"product","2":"type-product","3":"status-publish","4":"has-post-thumbnail","6":"product_cat-construction","7":"product_cat-scissors-lift","9":"first","10":"instock","11":"shipping-taxable","12":"product-type-simple"},"_links":{"self":[{"href":"https:\/\/rarityequipment.com\/es\/wp-json\/wp\/v2\/product\/1119","targetHints":{"allow":["GET"]}}],"collection":[{"href":"https:\/\/rarityequipment.com\/es\/wp-json\/wp\/v2\/product"}],"about":[{"href":"https:\/\/rarityequipment.com\/es\/wp-json\/wp\/v2\/types\/product"}],"replies":[{"embeddable":true,"href":"https:\/\/rarityequipment.com\/es\/wp-json\/wp\/v2\/comments?post=1119"}],"wp:featuredmedia":[{"embeddable":true,"href":"https:\/\/rarityequipment.com\/es\/wp-json\/wp\/v2\/media\/1377"}],"wp:attachment":[{"href":"https:\/\/rarityequipment.com\/es\/wp-json\/wp\/v2\/media?parent=1119"}],"wp:term":[{"taxonomy":"product_brand","embeddable":true,"href":"https:\/\/rarityequipment.com\/es\/wp-json\/wp\/v2\/product_brand?post=1119"},{"taxonomy":"product_cat","embeddable":true,"href":"https:\/\/rarityequipment.com\/es\/wp-json\/wp\/v2\/product_cat?post=1119"},{"taxonomy":"product_tag","embeddable":true,"href":"https:\/\/rarityequipment.com\/es\/wp-json\/wp\/v2\/product_tag?post=1119"}],"curies":[{"name":"wp","href":"https:\/\/api.w.org\/{rel}","templated":true}]}}