{"id":1121,"date":"2025-09-09T12:36:45","date_gmt":"2025-09-09T16:36:45","guid":{"rendered":"https:\/\/rarityequipment.com\/?post_type=product&#038;p=1121"},"modified":"2026-04-13T10:50:08","modified_gmt":"2026-04-13T14:50:08","slug":"front-loader-komatsu-wa250-5l","status":"publish","type":"product","link":"https:\/\/rarityequipment.com\/es\/product\/front-loader-komatsu-wa250-5l\/","title":{"rendered":"Cargador frontal KOMATSU WA250-5L"},"content":{"rendered":"<h4 class=\"_1vwisb34\"><strong>Especificaciones destacadas<\/strong><\/h4>\n<ul class=\"_1vwisb37\">\n<li class=\"f7g24p0\" translate=\"no\"><strong>Capacidad:<\/strong>\u00a03.0 yardas c\u00fabicas<\/li>\n<li class=\"f7g24p0\" translate=\"no\"><strong>Peso:<\/strong>\u00a028.800 libras<\/li>\n<\/ul>\n<h4 class=\"_1vwisb34\"><strong>Especificaciones de elevaci\u00f3n<\/strong><\/h4>\n<ul class=\"_1vwisb37\">\n<li class=\"f7g24p0\" translate=\"no\"><strong>Capacidad del cubo:<\/strong>\u00a03.0 yardas c\u00fabicas<\/li>\n<li class=\"f7g24p0\" translate=\"no\"><strong>Altura de descarga:<\/strong>\u00a016,8 pies<\/li>\n<li class=\"f7g24p0\" translate=\"no\"><strong>Alcance del vertedero:<\/strong>\u00a03,6 pies<\/li>\n<\/ul>\n<h4 class=\"_1vwisb34\"><strong>Especificaciones operativas<\/strong><\/h4>\n<ul class=\"_1vwisb37\">\n<li class=\"f7g24p0\" translate=\"no\"><strong>Solicitud:<\/strong>\u00a0Carga y transporte<\/li>\n<li class=\"f7g24p0\" translate=\"no\"><strong>Sistema hidr\u00e1ulico:<\/strong>\u00a0Energ\u00eda alta<\/li>\n<\/ul>","protected":false},"excerpt":{"rendered":"<div class=\"ChatContents-styles__AnswerContainer-sc-e5d055c8-1 djkQfq\" data-testid=\"youchat-answer-turn-5\" data-pinnedconversationturnid=\"b39cd2be-fe25-4233-9381-a912d4453df1\">\n<div class=\"_1vwisb30\"><span class=\"_1vwisb38\" data-testid=\"youchat-text\">El\u00a0<strong>Manipulador telesc\u00f3pico JLG G10-55A<\/strong>\u00a0Est\u00e1 dise\u00f1ada para el izamiento y la manipulaci\u00f3n de materiales en obras de construcci\u00f3n, ofreciendo una capacidad m\u00e1xima de 10 000 lb, una altura de elevaci\u00f3n de 55 pies y un alcance horizontal de 42 pies. Cuenta con tracci\u00f3n 4x4, estabilizadores para una mayor estabilidad y es ideal para trabajar en altura.<\/span><\/div>\n<\/div>\n<div class=\"_18demfc1\">\n<div class=\"_18demfc2\">\n<div class=\"_1yq5vvt0 _1yq5vvt1 _1yq5vvt2 _1rcd22i1c\" data-testid=\"5-attribute\"><\/div>\n<\/div>\n<\/div>","protected":false},"featured_media":1344,"comment_status":"open","ping_status":"closed","template":"","meta":[],"product_brand":[],"product_cat":[44,27],"product_tag":[],"class_list":{"0":"post-1121","1":"product","2":"type-product","3":"status-publish","4":"has-post-thumbnail","6":"product_cat-front-loader-mining","7":"product_cat-mining","9":"first","10":"instock","11":"shipping-taxable","12":"product-type-simple"},"_links":{"self":[{"href":"https:\/\/rarityequipment.com\/es\/wp-json\/wp\/v2\/product\/1121","targetHints":{"allow":["GET"]}}],"collection":[{"href":"https:\/\/rarityequipment.com\/es\/wp-json\/wp\/v2\/product"}],"about":[{"href":"https:\/\/rarityequipment.com\/es\/wp-json\/wp\/v2\/types\/product"}],"replies":[{"embeddable":true,"href":"https:\/\/rarityequipment.com\/es\/wp-json\/wp\/v2\/comments?post=1121"}],"wp:featuredmedia":[{"embeddable":true,"href":"https:\/\/rarityequipment.com\/es\/wp-json\/wp\/v2\/media\/1344"}],"wp:attachment":[{"href":"https:\/\/rarityequipment.com\/es\/wp-json\/wp\/v2\/media?parent=1121"}],"wp:term":[{"taxonomy":"product_brand","embeddable":true,"href":"https:\/\/rarityequipment.com\/es\/wp-json\/wp\/v2\/product_brand?post=1121"},{"taxonomy":"product_cat","embeddable":true,"href":"https:\/\/rarityequipment.com\/es\/wp-json\/wp\/v2\/product_cat?post=1121"},{"taxonomy":"product_tag","embeddable":true,"href":"https:\/\/rarityequipment.com\/es\/wp-json\/wp\/v2\/product_tag?post=1121"}],"curies":[{"name":"wp","href":"https:\/\/api.w.org\/{rel}","templated":true}]}}