{"id":1123,"date":"2025-09-09T12:44:48","date_gmt":"2025-09-09T16:44:48","guid":{"rendered":"https:\/\/rarityequipment.com\/?post_type=product&#038;p=1123"},"modified":"2026-04-14T16:37:49","modified_gmt":"2026-04-14T20:37:49","slug":"man-lift-600s","status":"publish","type":"product","link":"https:\/\/rarityequipment.com\/es\/product\/man-lift-600s\/","title":{"rendered":"Elevador de personas 600S"},"content":{"rendered":"<h3 data-path-to-node=\"2\"><b data-path-to-node=\"2\" data-index-in-node=\"0\">Especificaciones clave<\/b><\/h3>\n<ul data-path-to-node=\"3\">\n<li>\n<p data-path-to-node=\"3,0,0\"><b data-path-to-node=\"3,0,0\" data-index-in-node=\"0\">Altura de la plataforma:<\/b> 60 pies 3 pulgadas (18,36 m)<\/p>\n<\/li>\n<li>\n<p data-path-to-node=\"3,1,0\"><b data-path-to-node=\"3,1,0\" data-index-in-node=\"0\">Altura de trabajo:<\/b> 66 pies 3 pulgadas (20,2 metros)<\/p>\n<\/li>\n<li>\n<p data-path-to-node=\"3,2,0\"><b data-path-to-node=\"3,2,0\" data-index-in-node=\"0\">Alcance horizontal:<\/b> 50 pies 2 pulgadas (15,3 m)<\/p>\n<\/li>\n<li>\n<p data-path-to-node=\"3,3,0\"><b data-path-to-node=\"3,3,0\" data-index-in-node=\"0\">Capacidad del ascensor:<\/b> 600 lb (272 kg) \/ 1000 lb (454 kg) restringido<\/p>\n<\/li>\n<\/ul>\n<h3 data-path-to-node=\"4\"><b data-path-to-node=\"4\" data-index-in-node=\"0\">Especificaciones operativas<\/b><\/h3>\n<ul data-path-to-node=\"5\">\n<li>\n<p data-path-to-node=\"5,0,0\"><b data-path-to-node=\"5,0,0\" data-index-in-node=\"0\">Solicitud:<\/b> Construcci\u00f3n en altura, trabajos en puentes y mantenimiento exterior.<\/p>\n<\/li>\n<li>\n<p id=\"p-rc_66f45afc013145ee-37\" data-path-to-node=\"5,1,0\"><b data-path-to-node=\"5,1,0\" data-index-in-node=\"0\"><span class=\"citation-31\">Tracci\u00f3n:<\/span><\/b><span class=\"citation-31 citation-end-31\"> Tracci\u00f3n en las cuatro ruedas (4WD) con eje oscilante.<\/span> <span class=\"citation-30 citation-end-30\">Esto proporciona una estabilidad y potencia superiores al conducir sobre terrenos irregulares y sin pavimentar, o a trav\u00e9s de barro y arena en la obra.<\/span><\/p>\n<\/li>\n<\/ul>","protected":false},"excerpt":{"rendered":"<p>El <strong>JLG 600S<\/strong> Es una plataforma elevadora telesc\u00f3pica potente y robusta, dise\u00f1ada para trabajos en altura que requieren el m\u00e1ximo alcance horizontal. Construida para dominar entornos de trabajo exigentes, esta m\u00e1quina ofrece velocidades de elevaci\u00f3n de plataforma l\u00edderes en la industria y un dise\u00f1o resistente, lo que la convierte en una herramienta esencial para el montaje de estructuras de acero, la construcci\u00f3n en general y el mantenimiento industrial a gran escala.<\/p>","protected":false},"featured_media":1375,"comment_status":"open","ping_status":"closed","template":"","meta":[],"product_brand":[],"product_cat":[26,34],"product_tag":[],"class_list":{"0":"post-1123","1":"product","2":"type-product","3":"status-publish","4":"has-post-thumbnail","6":"product_cat-construction","7":"product_cat-manlift","9":"first","10":"instock","11":"shipping-taxable","12":"product-type-simple"},"_links":{"self":[{"href":"https:\/\/rarityequipment.com\/es\/wp-json\/wp\/v2\/product\/1123","targetHints":{"allow":["GET"]}}],"collection":[{"href":"https:\/\/rarityequipment.com\/es\/wp-json\/wp\/v2\/product"}],"about":[{"href":"https:\/\/rarityequipment.com\/es\/wp-json\/wp\/v2\/types\/product"}],"replies":[{"embeddable":true,"href":"https:\/\/rarityequipment.com\/es\/wp-json\/wp\/v2\/comments?post=1123"}],"wp:featuredmedia":[{"embeddable":true,"href":"https:\/\/rarityequipment.com\/es\/wp-json\/wp\/v2\/media\/1375"}],"wp:attachment":[{"href":"https:\/\/rarityequipment.com\/es\/wp-json\/wp\/v2\/media?parent=1123"}],"wp:term":[{"taxonomy":"product_brand","embeddable":true,"href":"https:\/\/rarityequipment.com\/es\/wp-json\/wp\/v2\/product_brand?post=1123"},{"taxonomy":"product_cat","embeddable":true,"href":"https:\/\/rarityequipment.com\/es\/wp-json\/wp\/v2\/product_cat?post=1123"},{"taxonomy":"product_tag","embeddable":true,"href":"https:\/\/rarityequipment.com\/es\/wp-json\/wp\/v2\/product_tag?post=1123"}],"curies":[{"name":"wp","href":"https:\/\/api.w.org\/{rel}","templated":true}]}}