{"id":1127,"date":"2025-09-09T13:02:03","date_gmt":"2025-09-09T17:02:03","guid":{"rendered":"https:\/\/rarityequipment.com\/?post_type=product&#038;p=1127"},"modified":"2026-04-13T11:36:20","modified_gmt":"2026-04-13T15:36:20","slug":"man-lift-jlg-120-sxj","status":"publish","type":"product","link":"https:\/\/rarityequipment.com\/es\/product\/man-lift-jlg-120-sxj\/","title":{"rendered":"JLG 120SXJ"},"content":{"rendered":"<h3 class=\"_1vwisb33\">Plataforma elevadora<\/h3>\n<p><span class=\"_1vwisb38\" data-testid=\"youchat-text\">Equipos dise\u00f1ados para tareas en altitudes elevadas que requieren gran alcance y seguridad.<\/span><\/p>\n<h4 class=\"_1vwisb34\">Especificaciones destacadas:<\/h4>\n<ul class=\"_1vwisb37\">\n<li class=\"f7g24p0\" translate=\"no\">Altura: 120 pies<\/li>\n<li class=\"f7g24p0\" translate=\"no\">Capacidad: 1000 lb<\/li>\n<\/ul>\n<h4 class=\"_1vwisb34\">Especificaciones de elevaci\u00f3n:<\/h4>\n<ul class=\"_1vwisb37\">\n<li class=\"f7g24p0\" translate=\"no\">Altura m\u00e1xima: 120 pies<\/li>\n<li class=\"f7g24p0\" translate=\"no\">Capacidad de carga: 1000 lb<\/li>\n<\/ul>\n<h4 class=\"_1vwisb34\">Especificaciones operativas:<\/h4>\n<ul class=\"_1vwisb37\">\n<li class=\"f7g24p0\" translate=\"no\">Tipo: Brazo articulado<\/li>\n<li class=\"f7g24p0\" translate=\"no\">Aplicaci\u00f3n: Trabajo en altura<\/li>\n<\/ul>","protected":false},"excerpt":{"rendered":"<p>El <strong>JLG 120SXJ<\/strong> Es una plataforma elevadora telesc\u00f3pica dise\u00f1ada para trabajar en alturas, con un alcance excepcional de hasta 36,6 metros (120 pies). Ofrece una gran capacidad de carga, maniobrabilidad en terrenos dif\u00edciles gracias a su tracci\u00f3n 4x4 y funciones avanzadas que maximizan la productividad y la seguridad en proyectos industriales o de construcci\u00f3n.<\/p>","protected":false},"featured_media":1347,"comment_status":"open","ping_status":"closed","template":"","meta":[],"product_brand":[],"product_cat":[26,34],"product_tag":[],"class_list":{"0":"post-1127","1":"product","2":"type-product","3":"status-publish","4":"has-post-thumbnail","6":"product_cat-construction","7":"product_cat-manlift","9":"first","10":"instock","11":"shipping-taxable","12":"product-type-simple"},"_links":{"self":[{"href":"https:\/\/rarityequipment.com\/es\/wp-json\/wp\/v2\/product\/1127","targetHints":{"allow":["GET"]}}],"collection":[{"href":"https:\/\/rarityequipment.com\/es\/wp-json\/wp\/v2\/product"}],"about":[{"href":"https:\/\/rarityequipment.com\/es\/wp-json\/wp\/v2\/types\/product"}],"replies":[{"embeddable":true,"href":"https:\/\/rarityequipment.com\/es\/wp-json\/wp\/v2\/comments?post=1127"}],"wp:featuredmedia":[{"embeddable":true,"href":"https:\/\/rarityequipment.com\/es\/wp-json\/wp\/v2\/media\/1347"}],"wp:attachment":[{"href":"https:\/\/rarityequipment.com\/es\/wp-json\/wp\/v2\/media?parent=1127"}],"wp:term":[{"taxonomy":"product_brand","embeddable":true,"href":"https:\/\/rarityequipment.com\/es\/wp-json\/wp\/v2\/product_brand?post=1127"},{"taxonomy":"product_cat","embeddable":true,"href":"https:\/\/rarityequipment.com\/es\/wp-json\/wp\/v2\/product_cat?post=1127"},{"taxonomy":"product_tag","embeddable":true,"href":"https:\/\/rarityequipment.com\/es\/wp-json\/wp\/v2\/product_tag?post=1127"}],"curies":[{"name":"wp","href":"https:\/\/api.w.org\/{rel}","templated":true}]}}