{"id":1138,"date":"2025-09-09T13:53:04","date_gmt":"2025-09-09T17:53:04","guid":{"rendered":"https:\/\/rarityequipment.com\/?post_type=product&#038;p=1138"},"modified":"2026-04-09T15:12:04","modified_gmt":"2026-04-09T19:12:04","slug":"jlg-g10-55a","status":"publish","type":"product","link":"https:\/\/rarityequipment.com\/es\/product\/jlg-g10-55a\/","title":{"rendered":"JLG G10-55A"},"content":{"rendered":"<p data-path-to-node=\"1\">Equipo dise\u00f1ado para la elevaci\u00f3n y manipulaci\u00f3n de materiales en obra, que ofrece gran capacidad, alcance y estabilidad.<\/p>\n<h3 data-path-to-node=\"2\">Especificaciones clave<\/h3>\n<ul data-path-to-node=\"3\">\n<li>\n<p data-path-to-node=\"3,0,0\"><b data-path-to-node=\"3,0,0\" data-index-in-node=\"0\">Capacidad m\u00e1xima:<\/b> 10.000 libras<\/p>\n<\/li>\n<li>\n<p data-path-to-node=\"3,1,0\"><b data-path-to-node=\"3,1,0\" data-index-in-node=\"0\">Altura m\u00e1xima:<\/b> 55 pies<\/p>\n<\/li>\n<li>\n<p data-path-to-node=\"3,2,0\"><b data-path-to-node=\"3,2,0\" data-index-in-node=\"0\">Alcance m\u00e1ximo:<\/b> 42 pies<\/p>\n<\/li>\n<\/ul>\n<h3 data-path-to-node=\"4\">Especificaciones de elevaci\u00f3n<\/h3>\n<ul data-path-to-node=\"5\">\n<li>\n<p data-path-to-node=\"5,0,0\"><b data-path-to-node=\"5,0,0\" data-index-in-node=\"0\">Capacidad de carga:<\/b> 10.000 libras<\/p>\n<\/li>\n<li>\n<p data-path-to-node=\"5,1,0\"><b data-path-to-node=\"5,1,0\" data-index-in-node=\"0\">Altura de elevaci\u00f3n:<\/b> 55 pies<\/p>\n<\/li>\n<li>\n<p data-path-to-node=\"5,2,0\"><b data-path-to-node=\"5,2,0\" data-index-in-node=\"0\">Alcance horizontal:<\/b> 42 pies<\/p>\n<\/li>\n<\/ul>\n<h3 data-path-to-node=\"6\">Especificaciones de funcionamiento<\/h3>\n<ul data-path-to-node=\"7\">\n<li>\n<p data-path-to-node=\"7,0,0\"><b data-path-to-node=\"7,0,0\" data-index-in-node=\"0\">Tracci\u00f3n:<\/b> 4x4<\/p>\n<\/li>\n<li>\n<p data-path-to-node=\"7,1,0\"><b data-path-to-node=\"7,1,0\" data-index-in-node=\"0\">Estabilidad:<\/b> Estabilizadores<\/p>\n<\/li>\n<li>\n<p data-path-to-node=\"7,2,0\"><b data-path-to-node=\"7,2,0\" data-index-in-node=\"0\">Solicitud:<\/b> Manipulaci\u00f3n de materiales a gran altitud<\/p>\n<\/li>\n<\/ul>","protected":false},"excerpt":{"rendered":"<p>El <b data-path-to-node=\"0\" data-index-in-node=\"4\">JLG G10-55A<\/b> Es una manipuladora telesc\u00f3pica de alto rendimiento dise\u00f1ada para obras exigentes que requieren una combinaci\u00f3n de elevaci\u00f3n pesada y un alcance considerable. Cuenta con una robustez excepcional. <b data-path-to-node=\"0\" data-index-in-node=\"172\">10.000 libras<\/b> capacidad m\u00e1xima y una <b data-path-to-node=\"0\" data-index-in-node=\"205\">55 pies<\/b> Su altura de elevaci\u00f3n la hace ideal para la construcci\u00f3n de edificios de varias plantas y la manipulaci\u00f3n de materiales industriales.<\/p>","protected":false},"featured_media":1336,"comment_status":"open","ping_status":"closed","template":"","meta":[],"product_brand":[],"product_cat":[26,33],"product_tag":[],"class_list":{"0":"post-1138","1":"product","2":"type-product","3":"status-publish","4":"has-post-thumbnail","6":"product_cat-construction","7":"product_cat-telescopic-forklift","9":"first","10":"instock","11":"shipping-taxable","12":"product-type-simple"},"_links":{"self":[{"href":"https:\/\/rarityequipment.com\/es\/wp-json\/wp\/v2\/product\/1138","targetHints":{"allow":["GET"]}}],"collection":[{"href":"https:\/\/rarityequipment.com\/es\/wp-json\/wp\/v2\/product"}],"about":[{"href":"https:\/\/rarityequipment.com\/es\/wp-json\/wp\/v2\/types\/product"}],"replies":[{"embeddable":true,"href":"https:\/\/rarityequipment.com\/es\/wp-json\/wp\/v2\/comments?post=1138"}],"wp:featuredmedia":[{"embeddable":true,"href":"https:\/\/rarityequipment.com\/es\/wp-json\/wp\/v2\/media\/1336"}],"wp:attachment":[{"href":"https:\/\/rarityequipment.com\/es\/wp-json\/wp\/v2\/media?parent=1138"}],"wp:term":[{"taxonomy":"product_brand","embeddable":true,"href":"https:\/\/rarityequipment.com\/es\/wp-json\/wp\/v2\/product_brand?post=1138"},{"taxonomy":"product_cat","embeddable":true,"href":"https:\/\/rarityequipment.com\/es\/wp-json\/wp\/v2\/product_cat?post=1138"},{"taxonomy":"product_tag","embeddable":true,"href":"https:\/\/rarityequipment.com\/es\/wp-json\/wp\/v2\/product_tag?post=1138"}],"curies":[{"name":"wp","href":"https:\/\/api.w.org\/{rel}","templated":true}]}}