{"id":1185,"date":"2026-02-24T14:28:13","date_gmt":"2026-02-24T18:28:13","guid":{"rendered":"https:\/\/rarityequipment.com\/?post_type=product&#038;p=1185"},"modified":"2026-04-14T09:19:24","modified_gmt":"2026-04-14T13:19:24","slug":"electric-scissorts-genie-gs5390-rt","status":"publish","type":"product","link":"https:\/\/rarityequipment.com\/es\/product\/electric-scissorts-genie-gs5390-rt\/","title":{"rendered":"Tijeras el\u00e9ctricas GENIE GS5390 RT"},"content":{"rendered":"<h3 data-path-to-node=\"2\"><b data-path-to-node=\"2\" data-index-in-node=\"0\">Especificaciones clave<\/b><\/h3>\n<ul data-path-to-node=\"3\">\n<li>\n<p data-path-to-node=\"3,0,0\"><b data-path-to-node=\"3,0,0\" data-index-in-node=\"0\">Altura de trabajo:<\/b> 59 pies (18,15 m)<\/p>\n<\/li>\n<li>\n<p data-path-to-node=\"3,1,0\"><b data-path-to-node=\"3,1,0\" data-index-in-node=\"0\">Altura m\u00e1xima de la plataforma:<\/b> 53 pies (16,15 m)<\/p>\n<\/li>\n<li>\n<p data-path-to-node=\"3,2,0\"><b data-path-to-node=\"3,2,0\" data-index-in-node=\"0\">Capacidad del ascensor:<\/b> 1500 libras (680 kg)<\/p>\n<\/li>\n<\/ul>\n<h3 data-path-to-node=\"4\"><b data-path-to-node=\"4\" data-index-in-node=\"0\">Especificaciones operativas<\/b><\/h3>\n<ul data-path-to-node=\"5\">\n<li>\n<p data-path-to-node=\"5,0,0\"><b data-path-to-node=\"5,0,0\" data-index-in-node=\"0\">Tipo:<\/b> Plataforma elevadora el\u00e9ctrica de tijera (terreno irregular)<\/p>\n<\/li>\n<li>\n<p data-path-to-node=\"5,1,0\"><b data-path-to-node=\"5,1,0\" data-index-in-node=\"0\">Solicitud:<\/b> Mantenimiento, instalaci\u00f3n y construcci\u00f3n en altura.<\/p>\n<\/li>\n<li>\n<p data-path-to-node=\"5,2,0\"><b data-path-to-node=\"5,2,0\" data-index-in-node=\"0\">Tracci\u00f3n:<\/b> Tracci\u00f3n a las cuatro ruedas (4WD) con ejes oscilantes para un rendimiento superior en terrenos irregulares o embarrados.<\/p>\n<\/li>\n<\/ul>","protected":false},"excerpt":{"rendered":"<p>El <strong>Genie GS-5390 RT<\/strong> Es una plataforma elevadora de tijera el\u00e9ctrica de alta capacidad y apta para terrenos dif\u00edciles, dise\u00f1ada para tareas de construcci\u00f3n exigentes tanto en exteriores como en interiores. Concebida para ofrecer la m\u00e1xima eficiencia a grandes alturas, cuenta con una plataforma espaciosa con una robusta capacidad de 680 kg (1500 lb), lo que permite elevar a varios trabajadores y materiales pesados de forma segura y fiable.<\/p>","protected":false},"featured_media":1358,"comment_status":"open","ping_status":"closed","template":"","meta":[],"product_brand":[],"product_cat":[26,35],"product_tag":[],"class_list":{"0":"post-1185","1":"product","2":"type-product","3":"status-publish","4":"has-post-thumbnail","6":"product_cat-construction","7":"product_cat-scissors-lift","9":"first","10":"instock","11":"shipping-taxable","12":"product-type-simple"},"_links":{"self":[{"href":"https:\/\/rarityequipment.com\/es\/wp-json\/wp\/v2\/product\/1185","targetHints":{"allow":["GET"]}}],"collection":[{"href":"https:\/\/rarityequipment.com\/es\/wp-json\/wp\/v2\/product"}],"about":[{"href":"https:\/\/rarityequipment.com\/es\/wp-json\/wp\/v2\/types\/product"}],"replies":[{"embeddable":true,"href":"https:\/\/rarityequipment.com\/es\/wp-json\/wp\/v2\/comments?post=1185"}],"wp:featuredmedia":[{"embeddable":true,"href":"https:\/\/rarityequipment.com\/es\/wp-json\/wp\/v2\/media\/1358"}],"wp:attachment":[{"href":"https:\/\/rarityequipment.com\/es\/wp-json\/wp\/v2\/media?parent=1185"}],"wp:term":[{"taxonomy":"product_brand","embeddable":true,"href":"https:\/\/rarityequipment.com\/es\/wp-json\/wp\/v2\/product_brand?post=1185"},{"taxonomy":"product_cat","embeddable":true,"href":"https:\/\/rarityequipment.com\/es\/wp-json\/wp\/v2\/product_cat?post=1185"},{"taxonomy":"product_tag","embeddable":true,"href":"https:\/\/rarityequipment.com\/es\/wp-json\/wp\/v2\/product_tag?post=1185"}],"curies":[{"name":"wp","href":"https:\/\/api.w.org\/{rel}","templated":true}]}}