{"id":1224,"date":"2026-03-04T10:01:31","date_gmt":"2026-03-04T14:01:31","guid":{"rendered":"https:\/\/rarityequipment.com\/?post_type=product&#038;p=1224"},"modified":"2026-04-13T15:35:36","modified_gmt":"2026-04-13T19:35:36","slug":"excavator-caterpillar-318el","status":"publish","type":"product","link":"https:\/\/rarityequipment.com\/es\/product\/excavator-caterpillar-318el\/","title":{"rendered":"Excavadora Caterpillar 318EL"},"content":{"rendered":"<div class=\"container\">\n<div id=\"model-response-message-contentr_bb9cea3e0407bff7\" class=\"markdown markdown-main-panel stronger enable-updated-hr-color\" dir=\"ltr\" aria-live=\"off\" aria-busy=\"false\">\n<h3 data-path-to-node=\"2\"><b data-path-to-node=\"2\" data-index-in-node=\"0\">Especificaciones clave<\/b><\/h3>\n<ul data-path-to-node=\"3\">\n<li>\n<p data-path-to-node=\"3,0,0\"><b data-path-to-node=\"3,0,0\" data-index-in-node=\"0\">Peso operativo:<\/b> 18,7 toneladas<\/p>\n<\/li>\n<li>\n<p data-path-to-node=\"3,1,0\"><b data-path-to-node=\"3,1,0\" data-index-in-node=\"0\">Capacidad del cubo:<\/b> 0,91 m\u00b3<\/p>\n<\/li>\n<li>\n<p data-path-to-node=\"3,2,0\"><b data-path-to-node=\"3,2,0\" data-index-in-node=\"0\">Ancho de transporte:<\/b> 2,52 m<\/p>\n<\/li>\n<li>\n<p data-path-to-node=\"3,3,0\"><b data-path-to-node=\"3,3,0\" data-index-in-node=\"0\">Tipo de motor:<\/b> C4.4 ACERT (4,4 L de cilindrada)<\/p>\n<\/li>\n<\/ul>\n<h3 data-path-to-node=\"4\"><b data-path-to-node=\"4\" data-index-in-node=\"0\">Especificaciones de elevaci\u00f3n y excavaci\u00f3n<\/b><\/h3>\n<ul data-path-to-node=\"5\">\n<li>\n<p data-path-to-node=\"5,0,0\"><b data-path-to-node=\"5,0,0\" data-index-in-node=\"0\">Profundidad m\u00e1xima de excavaci\u00f3n:<\/b> 6,39 m (6390 mm)<\/p>\n<\/li>\n<li>\n<p data-path-to-node=\"5,1,0\"><b data-path-to-node=\"5,1,0\" data-index-in-node=\"0\">Alcance m\u00e1ximo a nivel del suelo:<\/b> 8,99 m<\/p>\n<\/li>\n<li>\n<p data-path-to-node=\"5,2,0\"><b data-path-to-node=\"5,2,0\" data-index-in-node=\"0\">Altura m\u00e1xima de carga:<\/b> 6,28 m<\/p>\n<\/li>\n<li>\n<p data-path-to-node=\"5,3,0\"><b data-path-to-node=\"5,3,0\" data-index-in-node=\"0\">Ancho del cubo:<\/b> 1,2 m<\/p>\n<\/li>\n<\/ul>\n<h3 data-path-to-node=\"6\"><b data-path-to-node=\"6\" data-index-in-node=\"0\">Especificaciones operativas<\/b><\/h3>\n<ul data-path-to-node=\"7\">\n<li>\n<p data-path-to-node=\"7,0,0\"><b data-path-to-node=\"7,0,0\" data-index-in-node=\"0\">Solicitud:<\/b> Excavaci\u00f3n, dragado y manipulaci\u00f3n de materiales.<\/p>\n<\/li>\n<li>\n<p data-path-to-node=\"7,1,0\"><b data-path-to-node=\"7,1,0\" data-index-in-node=\"0\">Tracci\u00f3n:<\/b> Orugas de alta durabilidad para desplazarse por lugares de trabajo dif\u00edciles o irregulares.<\/p>\n<\/li>\n<\/ul>\n<\/div>\n<\/div>\n<div class=\"TyagGW_tableContainer\"><\/div>","protected":false},"excerpt":{"rendered":"<p>El <strong>Caterpillar 318EL<\/strong> es una potente excavadora hidr\u00e1ulica dise\u00f1ada para la eficiencia y precisi\u00f3n en operaciones de movimiento de tierras y excavaci\u00f3n de zanjas. Equipada con una <strong>C4.4 ACERT<\/strong> motor y un vers\u00e1til <strong>0,91 m\u00b3<\/strong> Gracias a su gran capacidad de cuchara, esta m\u00e1quina ofrece un rendimiento fiable y una estabilidad superior para proyectos de construcci\u00f3n exigentes.<\/p>","protected":false},"featured_media":1357,"comment_status":"open","ping_status":"closed","template":"","meta":[],"product_brand":[],"product_cat":[45,27],"product_tag":[],"class_list":{"0":"post-1224","1":"product","2":"type-product","3":"status-publish","4":"has-post-thumbnail","6":"product_cat-excavator-mining","7":"product_cat-mining","9":"first","10":"instock","11":"shipping-taxable","12":"product-type-simple"},"_links":{"self":[{"href":"https:\/\/rarityequipment.com\/es\/wp-json\/wp\/v2\/product\/1224","targetHints":{"allow":["GET"]}}],"collection":[{"href":"https:\/\/rarityequipment.com\/es\/wp-json\/wp\/v2\/product"}],"about":[{"href":"https:\/\/rarityequipment.com\/es\/wp-json\/wp\/v2\/types\/product"}],"replies":[{"embeddable":true,"href":"https:\/\/rarityequipment.com\/es\/wp-json\/wp\/v2\/comments?post=1224"}],"wp:featuredmedia":[{"embeddable":true,"href":"https:\/\/rarityequipment.com\/es\/wp-json\/wp\/v2\/media\/1357"}],"wp:attachment":[{"href":"https:\/\/rarityequipment.com\/es\/wp-json\/wp\/v2\/media?parent=1224"}],"wp:term":[{"taxonomy":"product_brand","embeddable":true,"href":"https:\/\/rarityequipment.com\/es\/wp-json\/wp\/v2\/product_brand?post=1224"},{"taxonomy":"product_cat","embeddable":true,"href":"https:\/\/rarityequipment.com\/es\/wp-json\/wp\/v2\/product_cat?post=1224"},{"taxonomy":"product_tag","embeddable":true,"href":"https:\/\/rarityequipment.com\/es\/wp-json\/wp\/v2\/product_tag?post=1224"}],"curies":[{"name":"wp","href":"https:\/\/api.w.org\/{rel}","templated":true}]}}