{"id":1349,"date":"2026-04-13T13:37:22","date_gmt":"2026-04-13T17:37:22","guid":{"rendered":"https:\/\/rarityequipment.com\/?post_type=product&#038;p=1349"},"modified":"2026-04-13T13:37:22","modified_gmt":"2026-04-13T17:37:22","slug":"skyjack-sjiii-3226","status":"publish","type":"product","link":"https:\/\/rarityequipment.com\/es\/product\/skyjack-sjiii-3226\/","title":{"rendered":"Skyjack SJIII 3226"},"content":{"rendered":"<h2 data-path-to-node=\"0\"><b data-path-to-node=\"0\" data-index-in-node=\"0\">Plataforma elevadora de tijera el\u00e9ctrica<\/b><\/h2>\n<p data-path-to-node=\"1\">Plataforma dise\u00f1ada para el izamiento vertical seguro y eficiente.<\/p>\n<h3 data-path-to-node=\"2\"><b data-path-to-node=\"2\" data-index-in-node=\"0\">Especificaciones clave<\/b><\/h3>\n<ul data-path-to-node=\"3\">\n<li>\n<p data-path-to-node=\"3,0,0\"><b data-path-to-node=\"3,0,0\" data-index-in-node=\"0\">Altura:<\/b> 32 pies<\/p>\n<\/li>\n<li>\n<p data-path-to-node=\"3,1,0\"><b data-path-to-node=\"3,1,0\" data-index-in-node=\"0\">Capacidad:<\/b> 1.876 kilogramos<\/p>\n<\/li>\n<\/ul>\n<h3 data-path-to-node=\"4\"><b data-path-to-node=\"4\" data-index-in-node=\"0\">Especificaciones de elevaci\u00f3n<\/b><\/h3>\n<ul data-path-to-node=\"5\">\n<li>\n<p data-path-to-node=\"5,0,0\"><b data-path-to-node=\"5,0,0\" data-index-in-node=\"0\">Altura m\u00e1xima:<\/b> 32 pies<\/p>\n<\/li>\n<li>\n<p data-path-to-node=\"5,1,0\"><b data-path-to-node=\"5,1,0\" data-index-in-node=\"0\">Capacidad de carga:<\/b> 1.876 kilogramos<\/p>\n<\/li>\n<\/ul>\n<h3 data-path-to-node=\"6\"><b data-path-to-node=\"6\" data-index-in-node=\"0\">Especificaciones de funcionamiento<\/b><\/h3>\n<ul data-path-to-node=\"7\">\n<li>\n<p data-path-to-node=\"7,0,0\"><b data-path-to-node=\"7,0,0\" data-index-in-node=\"0\">Tipo:<\/b> El\u00e9ctrico<\/p>\n<\/li>\n<li>\n<p data-path-to-node=\"7,1,0\"><b data-path-to-node=\"7,1,0\" data-index-in-node=\"0\">Solicitud:<\/b> Interior y exterior<\/p>\n<\/li>\n<\/ul>","protected":false},"excerpt":{"rendered":"<p>El <b data-path-to-node=\"1\" data-index-in-node=\"4\">Skyjack SJIII 3226<\/b> es una plataforma elevadora de tijera el\u00e9ctrica vers\u00e1til dise\u00f1ada para un uso seguro en interiores y exteriores. Proporciona una elevaci\u00f3n vertical eficiente, alcanzando una altura m\u00e1xima de <b data-path-to-node=\"1\" data-index-in-node=\"173\">32 pies<\/b> con una capacidad de carga pesada de <b data-path-to-node=\"1\" data-index-in-node=\"216\">1.876 kilogramos<\/b>.<\/p>","protected":false},"featured_media":1350,"comment_status":"open","ping_status":"closed","template":"","meta":[],"product_brand":[],"product_cat":[30],"product_tag":[],"class_list":{"0":"post-1349","1":"product","2":"type-product","3":"status-publish","4":"has-post-thumbnail","6":"product_cat-platform","8":"first","9":"instock","10":"shipping-taxable","11":"product-type-simple"},"_links":{"self":[{"href":"https:\/\/rarityequipment.com\/es\/wp-json\/wp\/v2\/product\/1349","targetHints":{"allow":["GET"]}}],"collection":[{"href":"https:\/\/rarityequipment.com\/es\/wp-json\/wp\/v2\/product"}],"about":[{"href":"https:\/\/rarityequipment.com\/es\/wp-json\/wp\/v2\/types\/product"}],"replies":[{"embeddable":true,"href":"https:\/\/rarityequipment.com\/es\/wp-json\/wp\/v2\/comments?post=1349"}],"wp:featuredmedia":[{"embeddable":true,"href":"https:\/\/rarityequipment.com\/es\/wp-json\/wp\/v2\/media\/1350"}],"wp:attachment":[{"href":"https:\/\/rarityequipment.com\/es\/wp-json\/wp\/v2\/media?parent=1349"}],"wp:term":[{"taxonomy":"product_brand","embeddable":true,"href":"https:\/\/rarityequipment.com\/es\/wp-json\/wp\/v2\/product_brand?post=1349"},{"taxonomy":"product_cat","embeddable":true,"href":"https:\/\/rarityequipment.com\/es\/wp-json\/wp\/v2\/product_cat?post=1349"},{"taxonomy":"product_tag","embeddable":true,"href":"https:\/\/rarityequipment.com\/es\/wp-json\/wp\/v2\/product_tag?post=1349"}],"curies":[{"name":"wp","href":"https:\/\/api.w.org\/{rel}","templated":true}]}}