{"id":459,"date":"2025-05-08T14:51:45","date_gmt":"2025-05-08T18:51:45","guid":{"rendered":"http:\/\/rarityequipment.com\/?post_type=product&#038;p=459"},"modified":"2026-04-16T09:16:36","modified_gmt":"2026-04-16T13:16:36","slug":"crane-truck-bt-4792","status":"publish","type":"product","link":"https:\/\/rarityequipment.com\/es\/product\/crane-truck-bt-4792\/","title":{"rendered":"Cami\u00f3n gr\u00faa BT 4792"},"content":{"rendered":"<h3 data-path-to-node=\"2\"><b data-path-to-node=\"2\" data-index-in-node=\"0\">Especificaciones clave<\/b><\/h3>\n<ul data-path-to-node=\"3\">\n<li>\n<p data-path-to-node=\"3,0,0\"><b data-path-to-node=\"3,0,0\" data-index-in-node=\"0\">Capacidad m\u00e1xima de elevaci\u00f3n:<\/b> 23,5 toneladas estadounidenses (21,3 toneladas m\u00e9tricas)<\/p>\n<\/li>\n<li>\n<p data-path-to-node=\"3,1,0\"><b data-path-to-node=\"3,1,0\" data-index-in-node=\"0\">Longitud de la pluma:<\/b> Pluma de quilla telesc\u00f3pica totalmente s\u00edncrona de 92 pies (28 m).<\/p>\n<\/li>\n<li>\n<p data-path-to-node=\"3,2,0\"><b data-path-to-node=\"3,2,0\" data-index-in-node=\"0\">Cabezal de la pluma:<\/b> Desmontaje r\u00e1pido para una instalaci\u00f3n de cables m\u00e1s \u00e1gil.<\/p>\n<\/li>\n<li>\n<p data-path-to-node=\"3,3,0\"><b data-path-to-node=\"3,3,0\" data-index-in-node=\"0\">Sistemas de seguridad:<\/b> Indicador electr\u00f3nico de capacidad nominal (LMI) para evitar sobrecargas.<\/p>\n<\/li>\n<\/ul>\n<h3 data-path-to-node=\"4\"><b data-path-to-node=\"4\" data-index-in-node=\"0\">Especificaciones operativas<\/b><\/h3>\n<ul data-path-to-node=\"5\">\n<li>\n<p data-path-to-node=\"5,0,0\"><b data-path-to-node=\"5,0,0\" data-index-in-node=\"0\">Solicitud:<\/b> Construcci\u00f3n de viviendas, sistemas de techado, colocaci\u00f3n de equipos, obras viales y carga\/descarga de materiales para su transporte.<\/p>\n<\/li>\n<li>\n<p data-path-to-node=\"5,1,0\"><b data-path-to-node=\"5,1,0\" data-index-in-node=\"0\">Tracci\u00f3n:<\/b> T\u00edpicamente <b data-path-to-node=\"5,1,0\" data-index-in-node=\"20\">6\u00d74<\/b> o <b data-path-to-node=\"5,1,0\" data-index-in-node=\"27\">8\u00d74<\/b> (dependiendo del chasis del cami\u00f3n). Como gr\u00faa montada sobre cami\u00f3n, utiliza un chasis comercial de alta resistencia que proporciona un desplazamiento a alta velocidad por carretera y un rendimiento estable fuera de ella para el acceso a la obra.<\/p>\n<\/li>\n<\/ul>\n<hr data-path-to-node=\"6\" \/>","protected":false},"excerpt":{"rendered":"<p data-path-to-node=\"2,0,0\">El<strong> Terex BT 4792<\/strong> Es una gr\u00faa montada sobre cami\u00f3n, vers\u00e1til y dise\u00f1ada para ofrecer alta eficiencia en aplicaciones de elevaci\u00f3n ligeras a medianas. Con una pluma telesc\u00f3pica de quilla totalmente s\u00edncrona de alta resistencia de 28,1 m (a menudo redondeada de 28,9 m), esta unidad proporciona el alcance y la estabilidad necesarios para obras complejas. Su cabezal de pluma de enrollado r\u00e1pido y sus sistemas electr\u00f3nicos de seguridad la convierten en la opci\u00f3n preferida para un despliegue r\u00e1pido en proyectos residenciales y de infraestructura.<\/p>","protected":false},"featured_media":1385,"comment_status":"open","ping_status":"closed","template":"","meta":[],"product_brand":[],"product_cat":[26,32],"product_tag":[],"class_list":{"0":"post-459","1":"product","2":"type-product","3":"status-publish","4":"has-post-thumbnail","6":"product_cat-construction","7":"product_cat-cranes","9":"first","10":"instock","11":"shipping-taxable","12":"product-type-simple"},"_links":{"self":[{"href":"https:\/\/rarityequipment.com\/es\/wp-json\/wp\/v2\/product\/459","targetHints":{"allow":["GET"]}}],"collection":[{"href":"https:\/\/rarityequipment.com\/es\/wp-json\/wp\/v2\/product"}],"about":[{"href":"https:\/\/rarityequipment.com\/es\/wp-json\/wp\/v2\/types\/product"}],"replies":[{"embeddable":true,"href":"https:\/\/rarityequipment.com\/es\/wp-json\/wp\/v2\/comments?post=459"}],"wp:featuredmedia":[{"embeddable":true,"href":"https:\/\/rarityequipment.com\/es\/wp-json\/wp\/v2\/media\/1385"}],"wp:attachment":[{"href":"https:\/\/rarityequipment.com\/es\/wp-json\/wp\/v2\/media?parent=459"}],"wp:term":[{"taxonomy":"product_brand","embeddable":true,"href":"https:\/\/rarityequipment.com\/es\/wp-json\/wp\/v2\/product_brand?post=459"},{"taxonomy":"product_cat","embeddable":true,"href":"https:\/\/rarityequipment.com\/es\/wp-json\/wp\/v2\/product_cat?post=459"},{"taxonomy":"product_tag","embeddable":true,"href":"https:\/\/rarityequipment.com\/es\/wp-json\/wp\/v2\/product_tag?post=459"}],"curies":[{"name":"wp","href":"https:\/\/api.w.org\/{rel}","templated":true}]}}